{"id":1273,"date":"2018-07-27T01:52:58","date_gmt":"2018-07-27T01:52:58","guid":{"rendered":"http:\/\/demo2.steelthemes.com\/delaware\/?page_id=1273"},"modified":"2025-04-10T18:55:04","modified_gmt":"2025-04-10T18:55:04","slug":"home-4","status":"publish","type":"page","link":"https:\/\/maisonsoleilumuhoza.org\/","title":{"rendered":"Home 4"},"content":{"rendered":"<p>[vc_row][vc_column][rev_slider_vc alias=&#8221;homepage4&#8243;][\/vc_column][\/vc_row][vc_row css=&#8221;.vc_custom_1535596926769{background-color: #f7faff !important;}&#8221;][vc_column]<div class=\"ba-empty-space \" style=\"\"><div class=\"ba_empty_space_lg\"  style=\"height: 90px\"><\/div><div class=\"ba_empty_space_md\"  style=\"height: 90px\"><\/div><div class=\"ba_empty_space_xs\"  style=\"height: 90px\"><\/div><\/div>[\/vc_column][vc_column offset=&#8221;vc_col-lg-6 vc_col-md-8&#8243; css=&#8221;.vc_custom_1535682331680{margin-top: -10px !important;}&#8221;]<div class='delaware-section-title  delaware_title-type-7 row' >\n\t\t\t\t<h2 class='col-xs-12 col-sm-12 text-left title no-underline' style='font-size:40px;font-weight:600;'>A propos de nous<\/h2>\n\t\t\t\t<div class=\"col-xs-12 col-sm-12 text-left desc\"><\/div> \n\t\t\t<\/div>[vc_custom_heading text=&#8221;La Maison Soleil Umuhoza&#8221; font_container=&#8221;tag:h3|font_size:24|text_align:left&#8221; use_theme_fonts=&#8221;yes&#8221; css=&#8221;.vc_custom_1725357519484{margin-top: 0px !important;margin-bottom: 0px !important;}&#8221;]<div class=\"ba-empty-space \" style=\"\"><div class=\"ba_empty_space_lg\"  style=\"height: 28px\"><\/div><div class=\"ba_empty_space_md\"  style=\"height: 28px\"><\/div><div class=\"ba_empty_space_xs\"  style=\"height: 28px\"><\/div><\/div>[vc_column_text]est une association sans but lucratif ouverte aux enfants vuln\u00e9rables et d\u2019autres groupes vuln\u00e9rables sp\u00e9cifiques. Elle d\u00e9fend les droits de l\u2019homme en g\u00e9n\u00e9ral, les droits des groupes vuln\u00e9rables sp\u00e9cifiques comme les enfants, les femmes, les personnes vivant avec un handicap, les albinos et autres. Elle pr\u00e9vient ensuite toute forme de violence contre ces derniers. La Maison Soleil Umuhoza est transig\u00e9e des enfants et groupes vuln\u00e9rables sp\u00e9cifiques pour \u00e9radiquer les nouvelles formes de vuln\u00e9rabilit\u00e9s aux violences des droits des enfants notamment dans les domaines de l\u2019\u00e9ducation, sant\u00e9, droits et valeurs humanitaires ; ce qui les exposent \u00e0 l\u2019abandon de l\u2019\u00e9cole, d\u00e9linquance, d\u00e9sespoir, la consommation des stup\u00e9fiants, satisfaire des besoins n\u00e9gativement (la sexualit\u00e9, le vol), qui \u00e0 la longue menacent leur avenir et leur bien-\u00eatre.[\/vc_column_text][vc_row_inner][vc_column_inner width=&#8221;1\/2&#8243; offset=&#8221;vc_col-lg-4 vc_col-md-6 vc_col-xs-12&#8243;]<div class='delaware-button text-left'><a class='btn' href='#' style='background:#f7faff;color:#222222;border: 2px solid #e1e8f4;font-weight: 600;'>SAVOIR PLUS<\/a><\/div><div class=\"ba-empty-space \" style=\"\"><div class=\"ba_empty_space_lg\"  style=\"height: 30px\"><\/div><div class=\"ba_empty_space_md\"  style=\"height: 30px\"><\/div><div class=\"ba_empty_space_xs\"  style=\"height: 30px\"><\/div><\/div>[\/vc_column_inner][vc_column_inner width=&#8221;1\/2&#8243; offset=&#8221;vc_col-lg-8 vc_col-md-6 vc_col-xs-12&#8243;][\/vc_column_inner][\/vc_row_inner][\/vc_column][vc_column offset=&#8221;vc_col-lg-6 vc_col-md-4&#8243;][vc_row_inner][vc_column_inner offset=&#8221;vc_col-lg-6 vc_col-md-12&#8243;]<div class='col-xs-12 no-padding delaware-image-box  delaware-image-box-4'><a href='#' class='emtry-header'><div class='emtry-thumbnail'><img loading=\"lazy\" decoding=\"async\" width=\"1600\" height=\"1066\" src=\"https:\/\/maisonsoleilumuhoza.org\/wp-content\/uploads\/2024\/09\/WhatsApp-Image-2024-08-26-at-11.34.28_c8ef1ba6.jpg\" class=\"attachment-full\" alt=\"\" \/><\/div><div class='icon-content'><div class='overlay-border'><span class='' ><\/span><\/div><\/div><\/a><div class='emtry-content' style='background-color:#ffffff;'>\n\t\t\t\t\t<a href='#' class='emtry-title'><h4 class='title' title='Notre Mission' >Notre Mission<\/h4><\/a>\n\t\t\t\t\t<div class='descreption'><p>Promouvoir et d\u00e9fendre l\u2019enfant, acteur de sa vie et dans la soci\u00e9t\u00e9\u00a0; \u0153uvre conjointement au respect de sa dignit\u00e9, de ses droits et de sa vie spirituelle en l\u2019accompagnant sur le chemin de r\u00e9silience.<\/p>\n<\/div>\n\t\t\t\t\t<a href='#' class='readmore'>Read more <span class='svg-icon'><svg viewBox='0 0 20 20'><use xlink:href='#next'><\/use><\/svg><\/span><\/a>\n\t\t\t\t\t<div class='icon-content'><span class='' ><\/span><\/div>\n\t\t\t\t<\/div><\/div><div class=\"ba-empty-space \" style=\"\"><div class=\"ba_empty_space_lg\"  style=\"height: 30px\"><\/div><div class=\"ba_empty_space_md\"  style=\"height: 30px\"><\/div><div class=\"ba_empty_space_xs\"  style=\"height: 30px\"><\/div><\/div>[\/vc_column_inner][vc_column_inner offset=&#8221;vc_col-lg-6 vc_col-md-12&#8243;]<div class='col-xs-12 no-padding delaware-image-box  delaware-image-box-4'><a href='#' class='emtry-header'><div class='emtry-thumbnail'><img loading=\"lazy\" decoding=\"async\" width=\"1600\" height=\"1066\" src=\"https:\/\/maisonsoleilumuhoza.org\/wp-content\/uploads\/2024\/09\/train1.jpg\" class=\"attachment-full\" alt=\"\" \/><\/div><div class='icon-content'><div class='overlay-border'><span class='' ><\/span><\/div><\/div><\/a><div class='emtry-content' style='background-color:#ffffff;'>\n\t\t\t\t\t<a href='#' class='emtry-title'><h4 class='title' title='Notre vision' >Notre vision<\/h4><\/a>\n\t\t\t\t\t<div class='descreption'><p>Garantir la prise en compte des besoins fondamentaux de l\u2019enfant, soutenir son d\u00e9veloppement physique, intellectuel et social et pr\u00e9server sa s\u00e9curit\u00e9, moralit\u00e9 et son \u00e9ducation dans le respect de ses droits.<\/p>\n<\/div>\n\t\t\t\t\t<a href='#' class='readmore'>Read more <span class='svg-icon'><svg viewBox='0 0 20 20'><use xlink:href='#next'><\/use><\/svg><\/span><\/a>\n\t\t\t\t\t<div class='icon-content'><span class='' ><\/span><\/div>\n\t\t\t\t<\/div><\/div><div class=\"ba-empty-space \" style=\"\"><div class=\"ba_empty_space_lg\"  style=\"height: 30px\"><\/div><div class=\"ba_empty_space_md\"  style=\"height: 30px\"><\/div><div class=\"ba_empty_space_xs\"  style=\"height: 30px\"><\/div><\/div>[\/vc_column_inner][\/vc_row_inner]<div class=\"ba-empty-space \" style=\"\"><div class=\"ba_empty_space_lg\"  style=\"height: 30px\"><\/div><div class=\"ba_empty_space_md\"  style=\"height: 30px\"><\/div><div class=\"ba_empty_space_xs\"  style=\"height: 30px\"><\/div><\/div>[\/vc_column][\/vc_row][vc_row][vc_column]<div class='delaware-section-title  delaware_title-type-6 row' >\n\t\t\t\t<h3 class='col-xs-12 col-sm-12 text-center title no-underline' style='font-size:40px;font-weight:600;'>Notre Objectif global<\/h3>\n\t\t\t\t<div class=\"col-xs-12 col-sm-12 text-center desc\"><p>Contribuer au bien-\u00eatre des enfants vuln\u00e9rables et d\u2019autres groupes vuln\u00e9rables sp\u00e9cifiques<\/p>\n<\/div> \n\t\t\t<\/div><div class=\"ba-empty-space \" style=\"\"><div class=\"ba_empty_space_lg\"  style=\"height: 25px\"><\/div><div class=\"ba_empty_space_md\"  style=\"height: 25px\"><\/div><div class=\"ba_empty_space_xs\"  style=\"height: 25px\"><\/div><\/div>[\/vc_column][vc_column]<div class='delaware-section-title  delaware_title-type-6 row' >\n\t\t\t\t<h3 class='col-xs-12 col-sm-12 text-center title no-underline' style='font-size:40px;font-weight:600;'>Nos objectifs sp\u00e9cifiques<\/h3>\n\t\t\t\t<div class=\"col-xs-12 col-sm-12 text-center desc\"><\/div> \n\t\t\t<\/div>[vc_row_inner][vc_column_inner width=&#8221;1\/4&#8243;]\n\t\t\t<div class='col-xs-12 delaware-icon-box delaware-icon-box-5    ' >\n\t\t\t\t<a href='#' class='emtry-header'><span class='icon-content'><span class='svg-icon' style=' '><svg viewBox='0 0 20 20'><use xlink:href='#cash-money'><\/use><\/svg><\/span><\/span><\/a>\n\t\t\t\t<div class='emtry-content'>\n\t\t\t\t\t<h4 class='emtry-title'><a class='title' href='#' ><\/a><\/h4>\n\t\t\t\t\t<div class='descreption'><p>Apporter un soutien mat\u00e9riel, \u00e9ducatif et psychologique aux enfants vuln\u00e9rables<\/p>\n<\/div>\n\t\t\t\t\t\n\t\t\t\t<\/div>\n\t\t\t<\/div>\n\t\t\t\n\t\t[\/vc_column_inner][vc_column_inner width=&#8221;1\/4&#8243;]\n\t\t\t<div class='col-xs-12 delaware-icon-box delaware-icon-box-5    ' >\n\t\t\t\t<a href='#' class='emtry-header'><span class='icon-content'><span class='svg-icon' style=' '><svg viewBox='0 0 20 20'><use xlink:href='#marketing'><\/use><\/svg><\/span><\/span><\/a>\n\t\t\t\t<div class='emtry-content'>\n\t\t\t\t\t<h4 class='emtry-title'><a class='title' href='#' ><\/a><\/h4>\n\t\t\t\t\t<div class='descreption'><p>Sensibiliser la communaut\u00e9 en g\u00e9n\u00e9rale et les enfants en particulier sur les 12 droits de l\u2019enfant<\/p>\n<\/div>\n\t\t\t\t\t\n\t\t\t\t<\/div>\n\t\t\t<\/div>\n\t\t\t\n\t\t[\/vc_column_inner][vc_column_inner width=&#8221;1\/4&#8243;]\n\t\t\t<div class='col-xs-12 delaware-icon-box delaware-icon-box-5    ' >\n\t\t\t\t<a href='' class='emtry-header'><span class='icon-content'><span class='svg-icon' style=' '><svg viewBox='0 0 20 20'><use xlink:href='#icon'><\/use><\/svg><\/span><\/span><\/a>\n\t\t\t\t<div class='emtry-content'>\n\t\t\t\t\t<h4 class='emtry-title'><a class='title' href='' ><\/a><\/h4>\n\t\t\t\t\t<div class='descreption'><p>Am\u00e9liorer les conditions de vie des enfants vuln\u00e9rables via le changement de comportement dans la communaut\u00e9 et d\u2019autres lieux publics cibl\u00e9s<\/p>\n<\/div>\n\t\t\t\t\t\n\t\t\t\t<\/div>\n\t\t\t<\/div>\n\t\t\t\n\t\t[\/vc_column_inner][vc_column_inner width=&#8221;1\/4&#8243;]\n\t\t\t<div class='col-xs-12 delaware-icon-box delaware-icon-box-5    ' >\n\t\t\t\t<a href='' class='emtry-header'><span class='icon-content'><span class='svg-icon' style=' '><svg viewBox='0 0 20 20'><use xlink:href='#circular-graphic-for-business-stats'><\/use><\/svg><\/span><\/span><\/a>\n\t\t\t\t<div class='emtry-content'>\n\t\t\t\t\t<h4 class='emtry-title'><a class='title' href='' ><\/a><\/h4>\n\t\t\t\t\t<div class='descreption'><p>Diminuer les cas li\u00e9s aux violences faits aux enfants<\/p>\n<\/div>\n\t\t\t\t\t\n\t\t\t\t<\/div>\n\t\t\t<\/div>\n\t\t\t\n\t\t[\/vc_column_inner][\/vc_row_inner][vc_row_inner][vc_column_inner width=&#8221;1\/4&#8243;]\n\t\t\t<div class='col-xs-12 delaware-icon-box delaware-icon-box-5    ' >\n\t\t\t\t<a href='#' class='emtry-header'><span class='icon-content'><span class='svg-icon' style=' '><svg viewBox='0 0 20 20'><use xlink:href='#strategy'><\/use><\/svg><\/span><\/span><\/a>\n\t\t\t\t<div class='emtry-content'>\n\t\t\t\t\t<h4 class='emtry-title'><a class='title' href='#' ><\/a><\/h4>\n\t\t\t\t\t<div class='descreption'><p>Encourager les enfants \u00e0 continuer leurs \u00e9tudes pour un futur certain<\/p>\n<\/div>\n\t\t\t\t\t\n\t\t\t\t<\/div>\n\t\t\t<\/div>\n\t\t\t\n\t\t[\/vc_column_inner][vc_column_inner width=&#8221;1\/4&#8243;]\n\t\t\t<div class='col-xs-12 delaware-icon-box delaware-icon-box-5    ' >\n\t\t\t\t<a href='#' class='emtry-header'><span class='icon-content'><span class='svg-icon' style=' '><svg viewBox='0 0 20 20'><use xlink:href='#partnership'><\/use><\/svg><\/span><\/span><\/a>\n\t\t\t\t<div class='emtry-content'>\n\t\t\t\t\t<h4 class='emtry-title'><a class='title' href='#' ><\/a><\/h4>\n\t\t\t\t\t<div class='descreption'><p>R\u00e9aliser l\u2019\u00e9galit\u00e9 des sexes et autonomiser les enfants et autres groupes vuln\u00e9rables sp\u00e9cifiques \u00e0 travers des activit\u00e9s g\u00e9n\u00e9ratrices de revenu<\/p>\n<\/div>\n\t\t\t\t\t\n\t\t\t\t<\/div>\n\t\t\t<\/div>\n\t\t\t\n\t\t[\/vc_column_inner][vc_column_inner width=&#8221;1\/4&#8243;]\n\t\t\t<div class='col-xs-12 delaware-icon-box delaware-icon-box-5    ' >\n\t\t\t\t<a href='' class='emtry-header'><span class='icon-content'><span class='svg-icon' style=' '><svg viewBox='0 0 20 20'><use xlink:href='#tall-city-building'><\/use><\/svg><\/span><\/span><\/a>\n\t\t\t\t<div class='emtry-content'>\n\t\t\t\t\t<h4 class='emtry-title'><a class='title' href='' ><\/a><\/h4>\n\t\t\t\t\t<div class='descreption'><p>Cr\u00e9ation d\u2019un centre de formation, d\u2019\u00e9panouissement des enfants vuln\u00e9rables et\/ou orphelins<\/p>\n<\/div>\n\t\t\t\t\t\n\t\t\t\t<\/div>\n\t\t\t<\/div>\n\t\t\t\n\t\t[\/vc_column_inner][vc_column_inner width=&#8221;1\/4&#8243;]\n\t\t\t<div class='col-xs-12 delaware-icon-box delaware-icon-box-5    ' >\n\t\t\t\t<a href='' class='emtry-header'><span class='icon-content'><span class='svg-icon' style=' '><svg viewBox='0 0 20 20'><use xlink:href='#creative'><\/use><\/svg><\/span><\/span><\/a>\n\t\t\t\t<div class='emtry-content'>\n\t\t\t\t\t<h4 class='emtry-title'><a class='title' href='' ><\/a><\/h4>\n\t\t\t\t\t<div class='descreption'><p>Contribuer \u00e0 l\u2019\u00e9radication de la consommation des stup\u00e9fiants et drogues chez les enfants et d\u2019autres groupes vuln\u00e9rables sp\u00e9cifiques<\/p>\n<\/div>\n\t\t\t\t\t\n\t\t\t\t<\/div>\n\t\t\t<\/div>\n\t\t\t\n\t\t[\/vc_column_inner][\/vc_row_inner][\/vc_column][\/vc_row][vc_row][vc_column][vc_row_inner][vc_column_inner width=&#8221;1\/3&#8243;]\n\t\t\t<div class='col-xs-12 delaware-icon-box delaware-icon-box-5    ' >\n\t\t\t\t<a href='#' class='emtry-header'><span class='icon-content'><span class='svg-icon' style=' '><svg viewBox='0 0 20 20'><use xlink:href='#user'><\/use><\/svg><\/span><\/span><\/a>\n\t\t\t\t<div class='emtry-content'>\n\t\t\t\t\t<h4 class='emtry-title'><a class='title' href='#' ><\/a><\/h4>\n\t\t\t\t\t<div class='descreption'><p>Accompagner psycho socialement les enfants vuln\u00e9rables victimes des abus et violence de toute forme et d\u2019autres groupes vuln\u00e9rables sp\u00e9cifiques<\/p>\n<\/div>\n\t\t\t\t\t\n\t\t\t\t<\/div>\n\t\t\t<\/div>\n\t\t\t\n\t\t<div class=\"ba-empty-space \" style=\"\"><div class=\"ba_empty_space_lg\"  style=\"height: 6px\"><\/div><div class=\"ba_empty_space_md\"  style=\"height: 6px\"><\/div><div class=\"ba_empty_space_xs\"  style=\"height: 6px\"><\/div><\/div>[\/vc_column_inner][vc_column_inner width=&#8221;1\/3&#8243;]\n\t\t\t<div class='col-xs-12 delaware-icon-box delaware-icon-box-5    ' >\n\t\t\t\t<a href='#' class='emtry-header'><span class='icon-content'><span class='svg-icon' style=' '><svg viewBox='0 0 20 20'><use xlink:href='#worker-loading-boxes'><\/use><\/svg><\/span><\/span><\/a>\n\t\t\t\t<div class='emtry-content'>\n\t\t\t\t\t<h4 class='emtry-title'><a class='title' href='#' ><\/a><\/h4>\n\t\t\t\t\t<div class='descreption'><p>Porter une assistance des compl\u00e9ments alimentaires aux enfants d\u00e9munis et\/ou abandonn\u00e9s et d\u2019autres groupes vuln\u00e9rables sp\u00e9cifiques<\/p>\n<\/div>\n\t\t\t\t\t\n\t\t\t\t<\/div>\n\t\t\t<\/div>\n\t\t\t\n\t\t<div class=\"ba-empty-space \" style=\"\"><div class=\"ba_empty_space_lg\"  style=\"height: 6px\"><\/div><div class=\"ba_empty_space_md\"  style=\"height: 6px\"><\/div><div class=\"ba_empty_space_xs\"  style=\"height: 6px\"><\/div><\/div>[\/vc_column_inner][vc_column_inner width=&#8221;1\/3&#8243;]\n\t\t\t<div class='col-xs-12 delaware-icon-box delaware-icon-box-5    ' >\n\t\t\t\t<a href='#' class='emtry-header'><span class='icon-content'><span class='svg-icon' style=' '><svg viewBox='0 0 20 20'><use xlink:href='#payment-method'><\/use><\/svg><\/span><\/span><\/a>\n\t\t\t\t<div class='emtry-content'>\n\t\t\t\t\t<h4 class='emtry-title'><a class='title' href='#' ><\/a><\/h4>\n\t\t\t\t\t<div class='descreption'><p>Promouvoir l\u2019entrepreneuriat et cr\u00e9ation des microprojets chez les groupes vuln\u00e9rables sp\u00e9cifiques<\/p>\n<\/div>\n\t\t\t\t\t\n\t\t\t\t<\/div>\n\t\t\t<\/div>\n\t\t\t\n\t\t<div class=\"ba-empty-space \" style=\"\"><div class=\"ba_empty_space_lg\"  style=\"height: 6px\"><\/div><div class=\"ba_empty_space_md\"  style=\"height: 6px\"><\/div><div class=\"ba_empty_space_xs\"  style=\"height: 6px\"><\/div><\/div>[\/vc_column_inner][\/vc_row_inner][vc_separator][vc_row_inner][vc_column_inner width=&#8221;1\/3&#8243;]<div class=\"ba-empty-space \" style=\"\"><div class=\"ba_empty_space_lg\"  style=\"height: 13px\"><\/div><div class=\"ba_empty_space_md\"  style=\"height: 13px\"><\/div><div class=\"ba_empty_space_xs\"  style=\"height: 13px\"><\/div><\/div>\n\t\t\t<div class='col-xs-12 delaware-icon-box delaware-icon-box-5    ' >\n\t\t\t\t<a href='#' class='emtry-header'><span class='icon-content'><span class='svg-icon' style=' '><svg viewBox='0 0 20 20'><use xlink:href='#mortarboard'><\/use><\/svg><\/span><\/span><\/a>\n\t\t\t\t<div class='emtry-content'>\n\t\t\t\t\t<h4 class='emtry-title'><a class='title' href='#' ><\/a><\/h4>\n\t\t\t\t\t<div class='descreption'><p>D\u00e9fendre les droits de l\u2019homme en g\u00e9n\u00e9ral, les droits des groupes vuln\u00e9rables sp\u00e9cifiques comme les enfants, les femmes, les personnes vivant avec un handicap, les albinos et autres<\/p>\n<\/div>\n\t\t\t\t\t\n\t\t\t\t<\/div>\n\t\t\t<\/div>\n\t\t\t\n\t\t[\/vc_column_inner][vc_column_inner width=&#8221;1\/3&#8243;]<div class=\"ba-empty-space \" style=\"\"><div class=\"ba_empty_space_lg\"  style=\"height: 13px\"><\/div><div class=\"ba_empty_space_md\"  style=\"height: 13px\"><\/div><div class=\"ba_empty_space_xs\"  style=\"height: 13px\"><\/div><\/div>\n\t\t\t<div class='col-xs-12 delaware-icon-box delaware-icon-box-5    ' >\n\t\t\t\t<a href='#' class='emtry-header'><span class='icon-content'><span class='svg-icon' style=' '><svg viewBox='0 0 20 20'><use xlink:href='#creative-mind'><\/use><\/svg><\/span><\/span><\/a>\n\t\t\t\t<div class='emtry-content'>\n\t\t\t\t\t<h4 class='emtry-title'><a class='title' href='#' ><\/a><\/h4>\n\t\t\t\t\t<div class='descreption'><p>Prot\u00e9ger l\u2019environnement tout en mettant l\u2019accent sur la pr\u00e9servation et les techniques d\u2019adaptation aux changements climatiques et aux cultures de risque<\/p>\n<\/div>\n\t\t\t\t\t\n\t\t\t\t<\/div>\n\t\t\t<\/div>\n\t\t\t\n\t\t[\/vc_column_inner][vc_column_inner width=&#8221;1\/3&#8243;]<div class=\"ba-empty-space \" style=\"\"><div class=\"ba_empty_space_lg\"  style=\"height: 13px\"><\/div><div class=\"ba_empty_space_md\"  style=\"height: 13px\"><\/div><div class=\"ba_empty_space_xs\"  style=\"height: 13px\"><\/div><\/div>[\/vc_column_inner][\/vc_row_inner][\/vc_column][\/vc_row][vc_row css=&#8221;.vc_custom_1580722040276{background-image: url(http:\/\/demo2.steelthemes.com\/delaware\/wp-content\/uploads\/sites\/10\/2020\/02\/latest-bg.jpg?id=2566) !important;}&#8221;][vc_column width=&#8221;1\/2&#8243;]<div class=\"ba-empty-space \" style=\"\"><div class=\"ba_empty_space_lg\"  style=\"height: 80px\"><\/div><div class=\"ba_empty_space_md\"  style=\"height: 80px\"><\/div><div class=\"ba_empty_space_xs\"  style=\"height: 80px\"><\/div><\/div><div class='delaware-section-title  delaware_title-type-8 row' >\n\t\t\t\t<h2 class='col-xs-12 col-sm-12 text-left title no-underline' style='color:#0f0f0f;font-size:40px;font-weight:600;'><\/h2>\n\t\t\t\t<div class=\"col-xs-12 col-sm-12 text-left desc\"><h3 style=\"text-align: center;\"><span style=\"color: #ccffcc;\">\u201d Tu n\u2019as pas choisi pour \u00eatre vuln\u00e9rable! Tu as le droit de jouir de tous les droits de la personne humaine!\u201d<\/span><\/h3>\n<\/div> \n\t\t\t<\/div><div class=\"ba-empty-space \" style=\"\"><div class=\"ba_empty_space_lg\"  style=\"height: 162px\"><\/div><div class=\"ba_empty_space_md\"  style=\"height: 162px\"><\/div><div class=\"ba_empty_space_xs\"  style=\"height: 162px\"><\/div><\/div>[\/vc_column][vc_column width=&#8221;1\/2&#8243;]<div class=\"ba-empty-space \" style=\"\"><div class=\"ba_empty_space_lg\"  style=\"height: 100px\"><\/div><div class=\"ba_empty_space_md\"  style=\"height: 100px\"><\/div><div class=\"ba_empty_space_xs\"  style=\"height: 100px\"><\/div><\/div>[vc_gallery interval=&#8221;3&#8243; images=&#8221;2748,2749,2750,2751,2752,2753&#8243;][\/vc_column][\/vc_row][vc_row css=&#8221;.vc_custom_1535596949024{background-color: #f7faff !important;}&#8221;][vc_column]<div class='col-xs-12 no-padding delaware-image-grid  '><div class='row-flex'><div class='image-item text-center col-flex-xs-6 col-flex-sm-6 col-flex-md-2'> <img loading=\"lazy\" decoding=\"async\" width=\"150\" height=\"150\" src=\"https:\/\/maisonsoleilumuhoza.org\/wp-content\/uploads\/2024\/09\/fend.png\" class=\"attachment-thumbnail\" alt=\"\" srcset=\"https:\/\/maisonsoleilumuhoza.org\/wp-content\/uploads\/2024\/09\/fend.png 150w, https:\/\/maisonsoleilumuhoza.org\/wp-content\/uploads\/2024\/09\/fend-90x90.png 90w, https:\/\/maisonsoleilumuhoza.org\/wp-content\/uploads\/2024\/09\/fend-120x120.png 120w, https:\/\/maisonsoleilumuhoza.org\/wp-content\/uploads\/2024\/09\/fend-100x100.png 100w\" sizes=\"auto, (max-width: 150px) 100vw, 150px\" \/> <\/div><div class='image-item text-center col-flex-xs-6 col-flex-sm-6 col-flex-md-2'> <img loading=\"lazy\" decoding=\"async\" width=\"150\" height=\"150\" src=\"https:\/\/maisonsoleilumuhoza.org\/wp-content\/uploads\/2024\/09\/croix-rouge1.png\" class=\"attachment-thumbnail\" alt=\"\" srcset=\"https:\/\/maisonsoleilumuhoza.org\/wp-content\/uploads\/2024\/09\/croix-rouge1.png 150w, https:\/\/maisonsoleilumuhoza.org\/wp-content\/uploads\/2024\/09\/croix-rouge1-90x90.png 90w, https:\/\/maisonsoleilumuhoza.org\/wp-content\/uploads\/2024\/09\/croix-rouge1-120x120.png 120w, https:\/\/maisonsoleilumuhoza.org\/wp-content\/uploads\/2024\/09\/croix-rouge1-100x100.png 100w\" sizes=\"auto, (max-width: 150px) 100vw, 150px\" \/> <\/div><div class='image-item text-center col-flex-xs-6 col-flex-sm-6 col-flex-md-2'> <img loading=\"lazy\" decoding=\"async\" width=\"150\" height=\"38\" src=\"https:\/\/maisonsoleilumuhoza.org\/wp-content\/uploads\/2024\/09\/unice.png\" class=\"attachment-thumbnail\" alt=\"\" \/> <\/div><\/div><\/div>[\/vc_column][\/vc_row][vc_row][vc_column][vc_wp_posts title=&#8221;Articles r\u00e9cents&#8221; number=&#8221;5&#8243;]<div class=\"ba-empty-space \" style=\"\"><div class=\"ba_empty_space_lg\"  style=\"height: 0px\"><\/div><div class=\"ba_empty_space_md\"  style=\"height: 0px\"><\/div><div class=\"ba_empty_space_xs\"  style=\"height: 0px\"><\/div><\/div>[\/vc_column][\/vc_row][vc_row][vc_column]<div class=\"ba-empty-space \" style=\"\"><div class=\"ba_empty_space_lg\"  style=\"height: 30px\"><\/div><div class=\"ba_empty_space_md\"  style=\"height: 30px\"><\/div><div class=\"ba_empty_space_xs\"  style=\"height: 30px\"><\/div><\/div>[\/vc_column][\/vc_row]<\/p>\n","protected":false},"excerpt":{"rendered":"<p>[vc_row][vc_column][rev_slider_vc alias=&#8221;homepage4&#8243;][\/vc_column][\/vc_row][vc_row css=&#8221;.vc_custom_1535596926769{background-color: #f7faff !important;}&#8221;][vc_column][\/vc_column][vc_column offset=&#8221;vc_col-lg-6 vc_col-md-8&#8243; css=&#8221;.vc_custom_1535682331680{margin-top: -10px !important;}&#8221;][vc_custom_heading text=&#8221;La Maison Soleil Umuhoza&#8221; font_container=&#8221;tag:h3|font_size:24|text_align:left&#8221; use_theme_fonts=&#8221;yes&#8221; css=&#8221;.vc_custom_1725357519484{margin-top: 0px !important;margin-bottom: 0px !important;}&#8221;][vc_column_text]est une association sans but lucratif ouverte aux enfants vuln\u00e9rables et d\u2019autres groupes vuln\u00e9rables sp\u00e9cifiques. Elle d\u00e9fend les droits de l\u2019homme en g\u00e9n\u00e9ral, les droits des groupes vuln\u00e9rables sp\u00e9cifiques comme les enfants, les femmes, les [&hellip;]<\/p>\n","protected":false},"author":1,"featured_media":0,"parent":0,"menu_order":0,"comment_status":"closed","ping_status":"closed","template":"template-homepage.php","meta":{"footnotes":""},"class_list":["post-1273","page","type-page","status-publish","hentry","no-thumb"],"_links":{"self":[{"href":"https:\/\/maisonsoleilumuhoza.org\/index.php\/wp-json\/wp\/v2\/pages\/1273","targetHints":{"allow":["GET"]}}],"collection":[{"href":"https:\/\/maisonsoleilumuhoza.org\/index.php\/wp-json\/wp\/v2\/pages"}],"about":[{"href":"https:\/\/maisonsoleilumuhoza.org\/index.php\/wp-json\/wp\/v2\/types\/page"}],"author":[{"embeddable":true,"href":"https:\/\/maisonsoleilumuhoza.org\/index.php\/wp-json\/wp\/v2\/users\/1"}],"replies":[{"embeddable":true,"href":"https:\/\/maisonsoleilumuhoza.org\/index.php\/wp-json\/wp\/v2\/comments?post=1273"}],"version-history":[{"count":41,"href":"https:\/\/maisonsoleilumuhoza.org\/index.php\/wp-json\/wp\/v2\/pages\/1273\/revisions"}],"predecessor-version":[{"id":3131,"href":"https:\/\/maisonsoleilumuhoza.org\/index.php\/wp-json\/wp\/v2\/pages\/1273\/revisions\/3131"}],"wp:attachment":[{"href":"https:\/\/maisonsoleilumuhoza.org\/index.php\/wp-json\/wp\/v2\/media?parent=1273"}],"curies":[{"name":"wp","href":"https:\/\/api.w.org\/{rel}","templated":true}]}}