{"id":1666,"date":"2018-07-31T07:42:35","date_gmt":"2018-07-31T07:42:35","guid":{"rendered":"http:\/\/demo2.steelthemes.com\/delaware\/?page_id=1666"},"modified":"2025-04-01T19:13:07","modified_gmt":"2025-04-01T19:13:07","slug":"mission-vision","status":"publish","type":"page","link":"https:\/\/maisonsoleilumuhoza.org\/index.php\/mission-vision\/","title":{"rendered":"Mission &#038; Vision"},"content":{"rendered":"<p>[vc_row][vc_column]<div class=\"ba-empty-space \" style=\"\"><div class=\"ba_empty_space_lg\"  style=\"height: 80px\"><\/div><div class=\"ba_empty_space_md\"  style=\"height: 80px\"><\/div><div class=\"ba_empty_space_xs\"  style=\"height: 80px\"><\/div><\/div>[\/vc_column][\/vc_row][vc_row][vc_column offset=&#8221;vc_col-lg-6 vc_col-md-6&#8243;]<div class=\"dl-text-box text-left show-underline show-border \" style=\"background-image: url( https:\/\/maisonsoleilumuhoza.org\/wp-content\/uploads\/2020\/02\/content-bg-valuw.jpg );\"><h2 class=\"box-title\"><span class=\"underline\">NOTRE MISSION<\/span><\/h2><h4 class=\"sub-title\">\u201cAm\u00e9liorer les conditions d\u2019existence des personnes vuln\u00e9rables pour le recouvrement de leurs droits.  \u201d<\/h4><\/div><div class=\"ba-empty-space \" style=\"\"><div class=\"ba_empty_space_lg\"  style=\"height: 30px\"><\/div><div class=\"ba_empty_space_md\"  style=\"height: 30px\"><\/div><div class=\"ba_empty_space_xs\"  style=\"height: 30px\"><\/div><\/div>[\/vc_column][vc_column offset=&#8221;vc_col-lg-6 vc_col-md-6&#8243;]<div class=\"dl-text-box text-left show-underline show-border \" style=\"background-image: url( https:\/\/maisonsoleilumuhoza.org\/wp-content\/uploads\/2020\/02\/content-bg-valuw.jpg );\"><h2 class=\"box-title\">NOTRE <span class=\"underline\">VISION<\/span><\/h2><h4 class=\"sub-title\">\u201cB\u00e2tir une nation o\u00f9 tous les vuln\u00e9rables sont soutenus pour prendre en main leur destin.\u201d<\/h4><\/div><div class=\"ba-empty-space \" style=\"\"><div class=\"ba_empty_space_lg\"  style=\"height: 30px\"><\/div><div class=\"ba_empty_space_md\"  style=\"height: 30px\"><\/div><div class=\"ba_empty_space_xs\"  style=\"height: 30px\"><\/div><\/div>[\/vc_column][\/vc_row][vc_row][vc_column]<div class=\"ba-empty-space \" style=\"\"><div class=\"ba_empty_space_lg\"  style=\"height: 30px\"><\/div><div class=\"ba_empty_space_md\"  style=\"height: 30px\"><\/div><div class=\"ba_empty_space_xs\"  style=\"height: 30px\"><\/div><\/div>[\/vc_column][\/vc_row][vc_row][vc_column]<div class=\"dl-text-box text-center show-underline show-border \" style=\"background-image: url( https:\/\/maisonsoleilumuhoza.org\/wp-content\/uploads\/2024\/09\/content-bg-sol1.jpg );\"><h2 class=\"box-title\">NOTRE VALEUR<\/h2><h4 class=\"sub-title\">\u201cSolidarit\u00e9 et espoir pour tous les enfants burundais\u201d<\/h4><\/div>[\/vc_column][\/vc_row][vc_row][vc_column]<div class=\"ba-empty-space \" style=\"\"><div class=\"ba_empty_space_lg\"  style=\"height: 80px\"><\/div><div class=\"ba_empty_space_md\"  style=\"height: 80px\"><\/div><div class=\"ba_empty_space_xs\"  style=\"height: 80px\"><\/div><\/div>[\/vc_column][\/vc_row]<\/p>\n","protected":false},"excerpt":{"rendered":"<p>[vc_row][vc_column][\/vc_column][\/vc_row][vc_row][vc_column offset=&#8221;vc_col-lg-6 vc_col-md-6&#8243;][\/vc_column][vc_column offset=&#8221;vc_col-lg-6 vc_col-md-6&#8243;][\/vc_column][\/vc_row][vc_row][vc_column][\/vc_column][\/vc_row][vc_row][vc_column][\/vc_column][\/vc_row][vc_row][vc_column][\/vc_column][\/vc_row]<\/p>\n","protected":false},"author":1,"featured_media":0,"parent":0,"menu_order":0,"comment_status":"closed","ping_status":"closed","template":"template-fullwidth.php","meta":{"footnotes":""},"class_list":["post-1666","page","type-page","status-publish","hentry","no-thumb"],"_links":{"self":[{"href":"https:\/\/maisonsoleilumuhoza.org\/index.php\/wp-json\/wp\/v2\/pages\/1666","targetHints":{"allow":["GET"]}}],"collection":[{"href":"https:\/\/maisonsoleilumuhoza.org\/index.php\/wp-json\/wp\/v2\/pages"}],"about":[{"href":"https:\/\/maisonsoleilumuhoza.org\/index.php\/wp-json\/wp\/v2\/types\/page"}],"author":[{"embeddable":true,"href":"https:\/\/maisonsoleilumuhoza.org\/index.php\/wp-json\/wp\/v2\/users\/1"}],"replies":[{"embeddable":true,"href":"https:\/\/maisonsoleilumuhoza.org\/index.php\/wp-json\/wp\/v2\/comments?post=1666"}],"version-history":[{"count":4,"href":"https:\/\/maisonsoleilumuhoza.org\/index.php\/wp-json\/wp\/v2\/pages\/1666\/revisions"}],"predecessor-version":[{"id":3112,"href":"https:\/\/maisonsoleilumuhoza.org\/index.php\/wp-json\/wp\/v2\/pages\/1666\/revisions\/3112"}],"wp:attachment":[{"href":"https:\/\/maisonsoleilumuhoza.org\/index.php\/wp-json\/wp\/v2\/media?parent=1666"}],"curies":[{"name":"wp","href":"https:\/\/api.w.org\/{rel}","templated":true}]}}