{"id":1744,"date":"2018-08-16T04:10:17","date_gmt":"2018-08-16T04:10:17","guid":{"rendered":"http:\/\/demo2.steelthemes.com\/delaware\/?page_id=1744"},"modified":"2025-04-04T18:03:26","modified_gmt":"2025-04-04T18:03:26","slug":"contact","status":"publish","type":"page","link":"https:\/\/maisonsoleilumuhoza.org\/index.php\/contact\/","title":{"rendered":"Contact"},"content":{"rendered":"<p>[vc_row][vc_column]<div class=\"ba-empty-space \" style=\"\"><div class=\"ba_empty_space_lg\"  style=\"height: 80px\"><\/div><div class=\"ba_empty_space_md\"  style=\"height: 80px\"><\/div><div class=\"ba_empty_space_xs\"  style=\"height: 80px\"><\/div><\/div>[\/vc_column][\/vc_row][vc_row][vc_column]<div class=\"dl-contact-box \">\n\t\t\t\t<div class=\"row\">\n\t\t\t\t\t<div class=\"col-md-7 col-sm-12 col-xs-12 contact-box-content\">\n\t\t\t\t\t\t<div class=\"left-box-ct\">\n\t\t\t\t\t\t\t<div class='delaware-section-title  delaware_title-type-4 row' >\n\t\t\t\t<h3 class='col-xs-12 col-sm-12 text-center title no-underline' style=''>CONTACTEZ NOTRE BUREAU<\/h3>\n\t\t\t\t \n\t\t\t<\/div>\n\t\t\t\t\t\t\t<div class=\"sub-title\">Si vous avez des questions concernant des conseils connexes\u2026 Notre \u00e9quipe de support client est disponible 24h\/24 et 7j\/7, veuillez les contacter.<\/div><div class=\"des-contact-box\">Bujumbura<\/div>\n\t\t\t\t\t\t\t<div><ul class=\"address-ct-box\"><\/ul><ul class=\"extra-ct-box\"><li><span>T\u00e9l: <\/span>+257 69 511 111<\/li><li><span>Envoyez-nous un mail \u00e0: <\/span>maisonsoleilumuhoza@gmail.com<\/li><\/ul><\/div>\n\t\t\t\t\t\t<\/div>\n\t\t\t\t\t<\/div>\n\t\t\t\t\t<div class=\"col-md-5 col-sm-12 col-xs-12 contact-box-form\">\n\t\t\t\t\t\t<div class=\"form-ct-box\"><div class='delaware-section-title  delaware_title-type-4 row' >\n\t\t\t\t<h3 class='col-xs-12 col-sm-12 text-center title no-underline' style=''>Envoyez-nous un message<\/h3>\n\t\t\t\t \n\t\t\t<\/div> <div class=\"dl-contact-form-7 form-light \" style=\"\">\n<div class=\"wpcf7 no-js\" id=\"wpcf7-f1967-o1\" lang=\"en-US\" dir=\"ltr\">\n<div class=\"screen-reader-response\"><p role=\"status\" aria-live=\"polite\" aria-atomic=\"true\"><\/p> <ul><\/ul><\/div>\n<form action=\"\/index.php\/wp-json\/wp\/v2\/pages\/1744#wpcf7-f1967-o1\" method=\"post\" class=\"wpcf7-form init\" aria-label=\"Contact form\" novalidate=\"novalidate\" data-status=\"init\">\n<div style=\"display: none;\">\n<input type=\"hidden\" name=\"_wpcf7\" value=\"1967\" \/>\n<input type=\"hidden\" name=\"_wpcf7_version\" value=\"5.9.8\" \/>\n<input type=\"hidden\" name=\"_wpcf7_locale\" value=\"en_US\" \/>\n<input type=\"hidden\" name=\"_wpcf7_unit_tag\" value=\"wpcf7-f1967-o1\" \/>\n<input type=\"hidden\" name=\"_wpcf7_container_post\" value=\"0\" \/>\n<input type=\"hidden\" name=\"_wpcf7_posted_data_hash\" value=\"\" \/>\n<\/div>\n<div class=\"dl-form dl-form-4\">\n\t<p><span class=\"wpcf7-form-control-wrap\" data-name=\"your-name\"><input size=\"40\" maxlength=\"400\" class=\"wpcf7-form-control wpcf7-text wpcf7-validates-as-required\" aria-required=\"true\" aria-invalid=\"false\" placeholder=\"Name*\" value=\"\" type=\"text\" name=\"your-name\" \/><\/span><span class=\"wpcf7-form-control-wrap\" data-name=\"your-email\"><input size=\"40\" maxlength=\"400\" class=\"wpcf7-form-control wpcf7-email wpcf7-validates-as-required wpcf7-text wpcf7-validates-as-email\" aria-required=\"true\" aria-invalid=\"false\" placeholder=\"Email*\" value=\"\" type=\"email\" name=\"your-email\" \/><\/span>\n\t<\/p>\n\t<div class=\"select-arrow\">\n\t\t<p><span class=\"wpcf7-form-control-wrap\" data-name=\"subject\"><select class=\"wpcf7-form-control wpcf7-select wpcf7-validates-as-required\" aria-required=\"true\" aria-invalid=\"false\" name=\"subject\"><option value=\"Subject\">Subject<\/option><option value=\"Finance &amp; Restructuring\">Finance &amp; Restructuring<\/option><option value=\"Finance &amp; Restructuring 2\">Finance &amp; Restructuring 2<\/option><\/select><\/span>\n\t\t<\/p>\n\t<\/div>\n\t<p><span class=\"wpcf7-form-control-wrap\" data-name=\"message\"><textarea cols=\"40\" rows=\"10\" maxlength=\"2000\" class=\"wpcf7-form-control wpcf7-textarea\" aria-invalid=\"false\" placeholder=\"Message...\" name=\"message\"><\/textarea><\/span><input class=\"wpcf7-form-control wpcf7-submit has-spinner dl-btn-primary\" type=\"submit\" value=\"Send Now\" \/>\n\t<\/p>\n<\/div><div class=\"wpcf7-response-output\" aria-hidden=\"true\"><\/div>\n<\/form>\n<\/div>\n<\/div><\/div>\n\t\t\t\t\t<\/div>\n\t\t\t\t<\/div>\n \t\t\t<\/div><div class=\"dl-text-box text-left show-underline show-border \" ><\/div><div class='col-xs-12 no-padding delaware-image-box  delaware-image-box-1'><a href='' class='emtry-header'><div class='emtry-thumbnail'><\/div><div class='icon-content'><div class='overlay-border'><span class='' ><\/span><\/div><\/div><\/a><div class='emtry-content' >\n\t\t\t\t\t<a href='' class='emtry-title'><h3 class='title' title='' ><\/h3><\/a>\n\t\t\t\t\t<div class='descreption'><p><span style=\"color: #000000;\">MAISON SOLEIL UMUHOZA est une jeune organisation d&#8217;aide \u00e0 l&#8217;enfance qui s&#8217;occupe de la d\u00e9tresse des enfants au Burundi <\/span><\/p>\n<p><span style=\"color: #000000;\">&#8211; le Burundi est l&#8217;un des pays les plus pauvres du monde.<\/span><\/p>\n<p><span style=\"color: #000000;\">AIDEZ-NOUS \u00c0 AM\u00c9LIORER LA SITUATION DE CES ENFANTS.CHAQUE DON AIDE !<\/span><\/p>\n<p>&nbsp;<\/p>\n<p style=\"text-align: center; padding-left: 80px;\"><span style=\"color: #000000;\"><strong>Compte pour les dons :Num\u00e9ro de Compte \u00e0 la Banque Communautaire et Agricole du BURUNDI (BCAB):<\/strong>\u00a0<\/span><\/p>\n<p style=\"padding-left: 120px; text-align: center;\"><strong><span style=\"color: #000000;\">Compte en devise: 20202564501<\/span><\/strong><\/p>\n<p style=\"padding-left: 120px; text-align: center;\"><strong><span style=\"color: #000000;\">Compte en BIF: 20102564501<\/span><\/strong><\/p>\n<p>&nbsp;<\/p>\n<blockquote>\n<p><strong><em>Comme nous travaillons avec des co\u00fbts salariaux et administratifs tr\u00e8s faibles, plus de 95% de tous les dons ont pu \u00eatre investis en 2024 dans la pr\u00e9paration de nourriture et les d\u00e9penses d&#8217;enseignement pour les enfants du Burundi.<\/em><\/strong><\/p>\n<\/blockquote>\n<\/div>\n\t\t\t\t\t<a href='' class='readmore'>Read more <span class='svg-icon'><svg viewBox='0 0 20 20'><use xlink:href='#next'><\/use><\/svg><\/span><\/a>\n\t\t\t\t\t<div class='icon-content'><span class='' ><\/span><\/div>\n\t\t\t\t<\/div><\/div>[\/vc_column][\/vc_row][vc_row][vc_column]<div class=\"ba-empty-space \" style=\"\"><div class=\"ba_empty_space_lg\"  style=\"height: 80px\"><\/div><div class=\"ba_empty_space_md\"  style=\"height: 80px\"><\/div><div class=\"ba_empty_space_xs\"  style=\"height: 80px\"><\/div><\/div>[\/vc_column][\/vc_row][vc_row][vc_column][vc_gmaps link=&#8221;#E-8_JTNDaWZyYW1lJTIwc3JjJTNEJTIyaHR0cHMlM0ElMkYlMkZ3d3cuZ29vZ2xlLmNvbSUyRm1hcHMlMkZwbGFjZSUyRk1haXNvbiUyQlNvbGVpbCUyQlVtdWhvemElMkYlNDAtMy4zNTg5NDYzJTJDMjkuMzkyNjYyMiUyQzE3eiUyRmRhdGElM0QlMjEzbTElMjE0YjElMjE0bTYlMjEzbTUlMjExczB4MTljMTgzNjljZWM0NjVhMSUzQTB4MTdhNzA0ZjE4ZTk2YjdiJTIxOG0yJTIxM2QtMy4zNTg5NDYzJTIxNGQyOS4zOTI2NjIyJTIxMTZzJTI1MkZnJTI1MkYxMXk5N3JoYmZwJTNGZW50cnklM0R0dHUlMjZnX2VwJTNERWdveU1ESTFNREV3T0M0d0lLWE1EU29KTERFd01qRXhNak0wU0FGUUF3JTI1M0QlMjUzRCUyMiUyMHdpZHRoJTNEJTIyNjAwJTIyJTIwaGVpZ2h0JTNEJTIyNDUwJTIyJTIwZnJhbWVib3JkZXIlM0QlMjIwJTIyJTIwc3R5bGUlM0QlMjJib3JkZXIlM0EwJTIyJTIwYWxsb3dmdWxsc2NyZWVuJTNFJTNDJTJGaWZyYW1lJTNF&#8221; size=&#8221;380&#8243;][\/vc_column][\/vc_row][vc_row][vc_column]<div class=\"ba-empty-space \" style=\"\"><div class=\"ba_empty_space_lg\"  style=\"height: 80px\"><\/div><div class=\"ba_empty_space_md\"  style=\"height: 80px\"><\/div><div class=\"ba_empty_space_xs\"  style=\"height: 80px\"><\/div><\/div>[\/vc_column][\/vc_row]<\/p>\n","protected":false},"excerpt":{"rendered":"<p>[vc_row][vc_column][\/vc_column][\/vc_row][vc_row][vc_column][\/vc_column][\/vc_row][vc_row][vc_column][\/vc_column][\/vc_row][vc_row][vc_column][vc_gmaps link=&#8221;#E-8_JTNDaWZyYW1lJTIwc3JjJTNEJTIyaHR0cHMlM0ElMkYlMkZ3d3cuZ29vZ2xlLmNvbSUyRm1hcHMlMkZwbGFjZSUyRk1haXNvbiUyQlNvbGVpbCUyQlVtdWhvemElMkYlNDAtMy4zNTg5NDYzJTJDMjkuMzkyNjYyMiUyQzE3eiUyRmRhdGElM0QlMjEzbTElMjE0YjElMjE0bTYlMjEzbTUlMjExczB4MTljMTgzNjljZWM0NjVhMSUzQTB4MTdhNzA0ZjE4ZTk2YjdiJTIxOG0yJTIxM2QtMy4zNTg5NDYzJTIxNGQyOS4zOTI2NjIyJTIxMTZzJTI1MkZnJTI1MkYxMXk5N3JoYmZwJTNGZW50cnklM0R0dHUlMjZnX2VwJTNERWdveU1ESTFNREV3T0M0d0lLWE1EU29KTERFd01qRXhNak0wU0FGUUF3JTI1M0QlMjUzRCUyMiUyMHdpZHRoJTNEJTIyNjAwJTIyJTIwaGVpZ2h0JTNEJTIyNDUwJTIyJTIwZnJhbWVib3JkZXIlM0QlMjIwJTIyJTIwc3R5bGUlM0QlMjJib3JkZXIlM0EwJTIyJTIwYWxsb3dmdWxsc2NyZWVuJTNFJTNDJTJGaWZyYW1lJTNF&#8221; size=&#8221;380&#8243;][\/vc_column][\/vc_row][vc_row][vc_column][\/vc_column][\/vc_row]<\/p>\n","protected":false},"author":1,"featured_media":0,"parent":0,"menu_order":0,"comment_status":"closed","ping_status":"closed","template":"template-fullwidth.php","meta":{"footnotes":""},"class_list":["post-1744","page","type-page","status-publish","hentry","no-thumb"],"_links":{"self":[{"href":"https:\/\/maisonsoleilumuhoza.org\/index.php\/wp-json\/wp\/v2\/pages\/1744","targetHints":{"allow":["GET"]}}],"collection":[{"href":"https:\/\/maisonsoleilumuhoza.org\/index.php\/wp-json\/wp\/v2\/pages"}],"about":[{"href":"https:\/\/maisonsoleilumuhoza.org\/index.php\/wp-json\/wp\/v2\/types\/page"}],"author":[{"embeddable":true,"href":"https:\/\/maisonsoleilumuhoza.org\/index.php\/wp-json\/wp\/v2\/users\/1"}],"replies":[{"embeddable":true,"href":"https:\/\/maisonsoleilumuhoza.org\/index.php\/wp-json\/wp\/v2\/comments?post=1744"}],"version-history":[{"count":4,"href":"https:\/\/maisonsoleilumuhoza.org\/index.php\/wp-json\/wp\/v2\/pages\/1744\/revisions"}],"predecessor-version":[{"id":3122,"href":"https:\/\/maisonsoleilumuhoza.org\/index.php\/wp-json\/wp\/v2\/pages\/1744\/revisions\/3122"}],"wp:attachment":[{"href":"https:\/\/maisonsoleilumuhoza.org\/index.php\/wp-json\/wp\/v2\/media?parent=1744"}],"curies":[{"name":"wp","href":"https:\/\/api.w.org\/{rel}","templated":true}]}}