{"id":868,"date":"2018-07-16T07:02:53","date_gmt":"2018-07-16T07:02:53","guid":{"rendered":"https:\/\/maisonsoleilumuhoza.org\/wp\/?page_id=868"},"modified":"2025-04-10T18:45:39","modified_gmt":"2025-04-10T18:45:39","slug":"a_propos_de_nous","status":"publish","type":"page","link":"https:\/\/maisonsoleilumuhoza.org\/index.php\/a_propos_de_nous\/","title":{"rendered":"Pr\u00e9sentation"},"content":{"rendered":"<p>[vc_row][vc_column el_class=&#8221;overview-attrs&#8221; offset=&#8221;vc_col-lg-6 vc_col-md-6&#8243;][vc_separator][vc_column_text el_class=&#8221;dl-company__text-block-1&#8243;]<\/p>\n<h1><u><span style=\"font-family: 'Times New Roman',serif; color: windowtext;\">Pr\u00e9sentation<\/span><\/u><\/h1>\n<p><span style=\"color: #000000;\">La MAISON SOLEIL UMUHOZA est une \u0153uvre de bienfaisance pour les enfants au Burundi, l&#8217;un des pays les plus pauvres du monde &#8211; MAISON SOLEIL UMUHOZA signifie la MAISON DU SOLEIL ET DE LA ROSE.<\/span><\/p>\n<p><span style=\"color: #000000;\">De nombreux enfants doivent chercher leur nourriture dans les d\u00e9chets, ils ne vont que partiellement \u00e0 l&#8217;\u00e9cole et certains d&#8217;entre eux vivent dans la rue. Pour am\u00e9liorer ces conditions, nous avons cr\u00e9\u00e9 en 2018 notre jeune association d&#8217;aide \u00e0 l&#8217;enfance&#8230;<\/span><\/p>\n<p><span style=\"color: #000000;\">Depuis 2018, les enfants \u00e0 risque qui s&#8217;adressent \u00e0 nous re\u00e7oivent un repas \u00e0 midi et ont la possibilit\u00e9 de faire leurs devoirs l&#8217;apr\u00e8s-midi dans notre salle de classe sous surveillance. Ils sont encourag\u00e9s \u00e0 aller \u00e0 l&#8217;\u00e9cole et re\u00e7oivent des cours de soutien si n\u00e9cessaire. Si une aide psychologique est n\u00e9cessaire, notre personnel local peut \u00e9galement la fournir.<\/span><\/p>\n<p><span style=\"color: #000000;\">AIDEZ-NOUS \u00c0 AM\u00c9LIORER LA SITUATION DE CES ENFANTS &#8211; CHAQUE DON AIDE.<\/span>[\/vc_column_text]<div class=\"ba-empty-space \" style=\"\"><div class=\"ba_empty_space_lg\"  style=\"height: 30px\"><\/div><div class=\"ba_empty_space_md\"  style=\"height: 30px\"><\/div><div class=\"ba_empty_space_xs\"  style=\"height: 30px\"><\/div><\/div>[\/vc_column][vc_column offset=&#8221;vc_col-lg-6 vc_col-md-6&#8243;][vc_separator][vc_single_image image=&#8221;2766&#8243; img_size=&#8221;medium&#8221;][vc_single_image image=&#8221;2780&#8243; img_size=&#8221;900&#215;700&#8243;][\/vc_column][\/vc_row][vc_row][vc_column width=&#8221;1\/2&#8243;]<div class=\"dl-text-box text-left show-underline show-border \" ><h2 class=\"box-title\">NOTRE VISION<\/h2><div class=\"box-content\"><p><span style=\"color: #000000;\">Donner aux enfants du Burundi la possibilit\u00e9 d&#8217;atteindre un niveau d&#8217;\u00e9ducation sup\u00e9rieur gr\u00e2ce au soutien scolaire et \u00e0 la nutrition, afin qu&#8217;ils puissent plus tard mener une vie autod\u00e9termin\u00e9e &#8211; selon le principe de \u201cl&#8217;aide \u00e0 l&#8217;autonomie\u201d. D&#8217;autres groupes vuln\u00e9rables d&#8217;enfants et de femmes trouvent \u00e9galement un soutien \u00e0 la MAISON SOLEIL UMUHOZA.<\/span><\/p>\n<\/div><\/div><div class=\"ba-empty-space \" style=\"\"><div class=\"ba_empty_space_lg\"  style=\"height: 5px\"><\/div><div class=\"ba_empty_space_md\"  style=\"height: 5px\"><\/div><div class=\"ba_empty_space_xs\"  style=\"height: 5px\"><\/div><\/div>[\/vc_column][vc_column width=&#8221;1\/2&#8243;]<div class=\"dl-text-box text-left show-underline show-border \" ><h2 class=\"box-title\">NOTRE MISSION<\/h2><div class=\"box-content\"><p><span style=\"color: #000000;\">Donnez aux enfants de la nourriture et une \u00e9ducation quotidienne \u201clunch and learn\u201d, afin que leur situation au Burundi s&#8217;am\u00e9liore nettement. Pour cela, nous travaillons sur des projets scolaires, des projets de nutrition et un soutien psychologique si n\u00e9cessaire. Les enfants doivent trouver un deuxi\u00e8me foyer \u00e0 la MAISON SOLEIL UMUHOZA.<\/span><\/p>\n<\/div><\/div>[\/vc_column][\/vc_row][vc_row][vc_column]<div class='delaware-section-title  delaware_title-type-2 row' >\n\t\t\t\t<h3 class='col-xs-12 col-sm-12 text-center title no-underline' style='font-size:36px;'><\/h3>\n\t\t\t\t<div class=\"col-xs-12 col-sm-12 text-center desc\"><div style=\"font-size: 18px; color: #222;\">&#8221; Tu n&#8217;as pas choisi pour \u00eatre vuln\u00e9rable! Tu as le droit de jouir de tous les droits de la personne humaine!&#8221;<\/div>\n<\/div> \n\t\t\t<\/div>[\/vc_column][\/vc_row][vc_row css=&#8221;.vc_custom_1580725813687{background-image: url(http:\/\/demo2.steelthemes.com\/delaware\/wp-content\/uploads\/sites\/10\/2020\/02\/company-over-bg.jpg?id=2622) !important;background-position: center !important;background-repeat: no-repeat !important;background-size: cover !important;}&#8221;][vc_column][\/vc_column][\/vc_row][vc_row][vc_column][\/vc_column][\/vc_row]<\/p>\n","protected":false},"excerpt":{"rendered":"<p>[vc_row][vc_column el_class=&#8221;overview-attrs&#8221; offset=&#8221;vc_col-lg-6 vc_col-md-6&#8243;][vc_separator][vc_column_text el_class=&#8221;dl-company__text-block-1&#8243;] Pr\u00e9sentation La MAISON SOLEIL UMUHOZA est une \u0153uvre de bienfaisance pour les enfants au Burundi, l&#8217;un des pays les plus pauvres du monde &#8211; MAISON SOLEIL UMUHOZA signifie la MAISON DU SOLEIL ET DE LA ROSE. De nombreux enfants doivent chercher leur nourriture dans les d\u00e9chets, ils ne vont que [&hellip;]<\/p>\n","protected":false},"author":1,"featured_media":0,"parent":0,"menu_order":0,"comment_status":"closed","ping_status":"closed","template":"template-fullwidth.php","meta":{"footnotes":""},"class_list":["post-868","page","type-page","status-publish","hentry","no-thumb"],"_links":{"self":[{"href":"https:\/\/maisonsoleilumuhoza.org\/index.php\/wp-json\/wp\/v2\/pages\/868","targetHints":{"allow":["GET"]}}],"collection":[{"href":"https:\/\/maisonsoleilumuhoza.org\/index.php\/wp-json\/wp\/v2\/pages"}],"about":[{"href":"https:\/\/maisonsoleilumuhoza.org\/index.php\/wp-json\/wp\/v2\/types\/page"}],"author":[{"embeddable":true,"href":"https:\/\/maisonsoleilumuhoza.org\/index.php\/wp-json\/wp\/v2\/users\/1"}],"replies":[{"embeddable":true,"href":"https:\/\/maisonsoleilumuhoza.org\/index.php\/wp-json\/wp\/v2\/comments?post=868"}],"version-history":[{"count":15,"href":"https:\/\/maisonsoleilumuhoza.org\/index.php\/wp-json\/wp\/v2\/pages\/868\/revisions"}],"predecessor-version":[{"id":3130,"href":"https:\/\/maisonsoleilumuhoza.org\/index.php\/wp-json\/wp\/v2\/pages\/868\/revisions\/3130"}],"wp:attachment":[{"href":"https:\/\/maisonsoleilumuhoza.org\/index.php\/wp-json\/wp\/v2\/media?parent=868"}],"curies":[{"name":"wp","href":"https:\/\/api.w.org\/{rel}","templated":true}]}}